{"id":80,"date":"2015-09-07T18:06:55","date_gmt":"2015-09-07T16:06:55","guid":{"rendered":"http:\/\/satcargo.local\/?page_id=80"},"modified":"2015-09-29T15:18:28","modified_gmt":"2015-09-29T13:18:28","slug":"spedizioni-aeree","status":"publish","type":"page","link":"https:\/\/www.satcargo.com\/it\/servizi\/spedizioni-aeree\/","title":{"rendered":"Spedizioni Aeree"},"content":{"rendered":"<p><strong><em>\u00ad\u00ad\u00ad\u00ad\u00ad\u00ad\u00ad\u00ad\u00ad\u00ad\u00ad\u00ad\u00ad\u00ad\u00ad\u00ad\u00ad\u00ad\u00ad\u00ad\u00ad\u00ad\u00ad\u00ad\u00ad\u00ad\u00ad\u00ad\u00ad\u00ad\u00ad\u00ad\u00ad\u00ad<\/em><\/strong><strong>SAT Cargo<\/strong> ha iniziato la propria attivit\u00e0 come azienda specializzata nel trasporto via aerea.<\/p>\n<p>Attualmente <strong><em>SAT Cargo<\/em><\/strong> \u00e8 classificata tra i principali <strong>spedizionieri IATA<\/strong> e si \u00e8 guadagnata una reputazione di affidabilit\u00e0 e qualit\u00e0 dei servizi offerti, focalizzati sulle esigenze del cliente.<\/p>\n<p><strong><em>La nostra azienda fa parte dell\u2019associazione WCA <\/em><\/strong>e dispone di un network mondiale\u00a0 di agenti per una completa e qualificata gestione del servizio.<\/p>\n<p>Tutte le nostre dipendenze sono collegate in via telematica alla nostra sede centrale,\u00a0consentendoci di proporre un servizio efficiente ed adempiere direttamente alle richieste di <strong>emissione di AWB<\/strong> ed altri documenti.<\/p>\n","protected":false},"excerpt":{"rendered":"<p>\u00ad\u00ad\u00ad\u00ad\u00ad\u00ad\u00ad\u00ad\u00ad\u00ad\u00ad\u00ad\u00ad\u00ad\u00ad\u00ad\u00ad\u00ad\u00ad\u00ad\u00ad\u00ad\u00ad\u00ad\u00ad\u00ad\u00ad\u00ad\u00ad\u00ad\u00ad\u00ad\u00ad\u00adSAT Cargo ha iniziato la propria attivit\u00e0 come azienda specializzata nel trasporto via aerea. Attualmente SAT Cargo \u00e8 classificata tra &hellip; <\/p>\n","protected":false},"author":3,"featured_media":0,"parent":7,"menu_order":1,"comment_status":"closed","ping_status":"closed","template":"page-templates\/template-servizi.php","meta":{"footnotes":""},"class_list":["post-80","page","type-page","status-publish","hentry"],"_links":{"self":[{"href":"https:\/\/www.satcargo.com\/it\/wp-json\/wp\/v2\/pages\/80","targetHints":{"allow":["GET"]}}],"collection":[{"href":"https:\/\/www.satcargo.com\/it\/wp-json\/wp\/v2\/pages"}],"about":[{"href":"https:\/\/www.satcargo.com\/it\/wp-json\/wp\/v2\/types\/page"}],"author":[{"embeddable":true,"href":"https:\/\/www.satcargo.com\/it\/wp-json\/wp\/v2\/users\/3"}],"replies":[{"embeddable":true,"href":"https:\/\/www.satcargo.com\/it\/wp-json\/wp\/v2\/comments?post=80"}],"version-history":[{"count":17,"href":"https:\/\/www.satcargo.com\/it\/wp-json\/wp\/v2\/pages\/80\/revisions"}],"predecessor-version":[{"id":444,"href":"https:\/\/www.satcargo.com\/it\/wp-json\/wp\/v2\/pages\/80\/revisions\/444"}],"up":[{"embeddable":true,"href":"https:\/\/www.satcargo.com\/it\/wp-json\/wp\/v2\/pages\/7"}],"wp:attachment":[{"href":"https:\/\/www.satcargo.com\/it\/wp-json\/wp\/v2\/media?parent=80"}],"curies":[{"name":"wp","href":"https:\/\/api.w.org\/{rel}","templated":true}]}}